{"id":101,"date":"2025-08-06T16:21:00","date_gmt":"2025-08-06T14:21:00","guid":{"rendered":"https:\/\/congeladosriveiro.com\/?page_id=101"},"modified":"2025-08-18T10:42:15","modified_gmt":"2025-08-18T08:42:15","slug":"inicio","status":"publish","type":"page","link":"https:\/\/congeladosriveiro.com\/en\/","title":{"rendered":"Inicio"},"content":{"rendered":"<p><div class=\"fusion-fullwidth fullwidth-box fusion-builder-row-1 fusion-flex-container fusion-parallax-none hundred-percent-fullwidth non-hundred-percent-height-scrolling\" style=\"--awb-border-radius-top-left:0px;--awb-border-radius-top-right:0px;--awb-border-radius-bottom-right:0px;--awb-border-radius-bottom-left:0px;--awb-margin-bottom:60px;--awb-min-height:400px;--awb-background-image:linear-gradient(180deg, hsla(var(--awb-color4-h),var(--awb-color4-s),var(--awb-color4-l),calc(var(--awb-color4-a) - 10%)) 0%,hsla(var(--awb-color4-h),var(--awb-color4-s),var(--awb-color4-l),calc(var(--awb-color4-a) - 40%)) 100%),url(https:\/\/congeladosriveiro.com\/wp-content\/uploads\/fondo_pulpo.jpg);;--awb-background-size:cover;--awb-flex-wrap:wrap;\" ><div class=\"fusion-builder-row fusion-row fusion-flex-align-items-flex-start fusion-flex-content-wrap\" style=\"width:104% !important;max-width:104% !important;margin-left: calc(-4% \/ 2 );margin-right: calc(-4% \/ 2 );\"><div class=\"fusion-layout-column fusion_builder_column fusion-builder-column-0 fusion_builder_column_1_1 1_1 fusion-flex-column fusion-flex-align-self-center\" style=\"--awb-bg-blend:overlay;--awb-bg-size:cover;--awb-width-large:100%;--awb-margin-top-large:0px;--awb-spacing-right-large:1.92%;--awb-margin-bottom-large:20px;--awb-spacing-left-large:1.92%;--awb-width-medium:100%;--awb-spacing-right-medium:1.92%;--awb-spacing-left-medium:1.92%;--awb-width-small:100%;--awb-spacing-right-small:1.92%;--awb-spacing-left-small:1.92%;\"><div class=\"fusion-column-wrapper fusion-flex-justify-content-flex-start fusion-content-layout-column\"><div class=\"fusion-image-element\" style=\"text-align:center;--awb-margin-top:20px;--awb-margin-bottom:20px;--awb-caption-title-font-family:var(--h2_typography-font-family);--awb-caption-title-font-weight:var(--h2_typography-font-weight);--awb-caption-title-font-style:var(--h2_typography-font-style);--awb-caption-title-size:var(--h2_typography-font-size);--awb-caption-title-transform:var(--h2_typography-text-transform);--awb-caption-title-line-height:var(--h2_typography-line-height);--awb-caption-title-letter-spacing:var(--h2_typography-letter-spacing);\"><span class=\"fusion-imageframe imageframe-none imageframe-1 hover-type-none\"><img decoding=\"async\" width=\"165\" height=\"111\" alt=\"Pulpo congelado\" title=\"pulpo-congelado\" src=\"https:\/\/congeladosriveiro.com\/wp-content\/uploads\/pulpo-congelado.png\" class=\"img-responsive wp-image-379\" srcset=\"https:\/\/congeladosriveiro.com\/wp-content\/uploads\/pulpo-congelado-18x12.png 18w, https:\/\/congeladosriveiro.com\/wp-content\/uploads\/pulpo-congelado-150x101.png 150w, https:\/\/congeladosriveiro.com\/wp-content\/uploads\/pulpo-congelado.png 165w\" sizes=\"(max-width: 165px) 100vw, 165px\" \/><\/span><\/div><div class=\"fusion-title title fusion-title-1 fusion-sep-none fusion-title-center fusion-title-text fusion-title-size-one\" style=\"--awb-text-color:var(--awb-color1);--awb-font-size:60px;\"><h1 class=\"fusion-title-heading title-heading-center\" style=\"font-family:var(--awb-typography1-font-family);font-weight:var(--awb-typography1-font-weight);font-style:var(--awb-typography1-font-style);margin:0;font-size:1em;letter-spacing:var(--awb-typography1-letter-spacing);text-transform:uppercase;line-height:var(--awb-typography1-line-height);\">La verdadera esencia del pulpo<\/h1><\/div><\/div><\/div><\/div><\/div><div class=\"fusion-fullwidth fullwidth-box fusion-builder-row-2 fusion-flex-container nonhundred-percent-fullwidth non-hundred-percent-height-scrolling\" style=\"--awb-border-radius-top-left:0px;--awb-border-radius-top-right:0px;--awb-border-radius-bottom-right:0px;--awb-border-radius-bottom-left:0px;--awb-flex-wrap:wrap;\" ><div class=\"fusion-builder-row fusion-row fusion-flex-align-items-flex-start fusion-flex-justify-content-center fusion-flex-content-wrap\" style=\"max-width:1248px;margin-left: calc(-4% \/ 2 );margin-right: calc(-4% \/ 2 );\"><div class=\"fusion-layout-column fusion_builder_column fusion-builder-column-1 fusion_builder_column_1_2 1_2 fusion-flex-column\" style=\"--awb-bg-blend:overlay;--awb-bg-size:cover;--awb-width-large:50%;--awb-margin-top-large:0px;--awb-spacing-right-large:3.84%;--awb-margin-bottom-large:20px;--awb-spacing-left-large:3.84%;--awb-width-medium:50%;--awb-spacing-right-medium:3.84%;--awb-spacing-left-medium:3.84%;--awb-width-small:100%;--awb-spacing-right-small:1.92%;--awb-spacing-left-small:1.92%;\"><div class=\"fusion-column-wrapper fusion-flex-justify-content-flex-start fusion-content-layout-column\"><div class=\"fusion-text fusion-text-1\" style=\"--awb-content-alignment:justify;\"><p>Desde <strong>1985<\/strong>, en <strong>Congelados Riveiro S.L.<\/strong> nos hemos dedicado con pasi\u00f3n y compromiso al tratamiento y comercializaci\u00f3n del <strong>pulpo congelado<\/strong>, consolid\u00e1ndonos como referentes en el sector gallego gracias a m\u00e1s de <strong>40 a\u00f1os de experiencia<\/strong>. Nuestra trayectoria se ha construido sobre pilares s\u00f3lidos: respeto por el producto, innovaci\u00f3n en procesos y una relaci\u00f3n cercana y honesta con nuestros clientes.<\/p>\n<p>Cada jornada en nuestras instalaciones comienza con la recepci\u00f3n del pulpo fresco, que es <strong>eviscerado, clasificado y congelado el mismo d\u00eda<\/strong>. Este proceso inmediato garantiza que su <strong>frescura, textura y sabor natural<\/strong> queden preservados sin alteraciones. Contamos con tecnolog\u00eda de <strong>congelaci\u00f3n r\u00e1pida en t\u00fanel<\/strong>, lo que permite que cada pieza conserve las propiedades originales del mar gallego, convirti\u00e9ndose en un ingrediente de excelencia para la cocina profesional.<\/p>\n<\/div><\/div><\/div><div class=\"fusion-layout-column fusion_builder_column fusion-builder-column-2 fusion_builder_column_1_2 1_2 fusion-flex-column\" style=\"--awb-bg-blend:overlay;--awb-bg-size:cover;--awb-width-large:50%;--awb-margin-top-large:0px;--awb-spacing-right-large:3.84%;--awb-margin-bottom-large:20px;--awb-spacing-left-large:3.84%;--awb-width-medium:50%;--awb-spacing-right-medium:3.84%;--awb-spacing-left-medium:3.84%;--awb-width-small:100%;--awb-spacing-right-small:1.92%;--awb-spacing-left-small:1.92%;\"><div class=\"fusion-column-wrapper fusion-flex-justify-content-flex-start fusion-content-layout-column\"><div class=\"fusion-text fusion-text-2\" style=\"--awb-content-alignment:justify;\"><p>Nuestro compromiso con la autenticidad es absoluto. En Congelados Riveiro <strong>no utilizamos elementos artificiales<\/strong> como pr\u00e1cticas de engorde, ni tampoco aplicamos <strong>aditivos o conservantes qu\u00edmicos<\/strong> que alteren el tama\u00f1o, el color o el sabor del pulpo. Creemos en la pureza del producto y trabajamos para que llegue al cliente tal y como lo ofrece la naturaleza.<\/p>\n<p>Adem\u00e1s, mantenemos un <strong>estricto sistema de trazabilidad<\/strong> que nos permite identificar, supervisar y controlar cada lote desde el origen hasta el punto de entrega. Los m\u00e9todos utilizados son una muestra m\u00e1s de nuestra seriedad y de la confianza que hemos construido a lo largo de cuatro d\u00e9cadas.<\/p>\n<\/div><\/div><\/div><\/div><\/div><div class=\"fusion-fullwidth fullwidth-box fusion-builder-row-3 fusion-flex-container has-pattern-background has-mask-background fusion-parallax-none nonhundred-percent-fullwidth non-hundred-percent-height-scrolling\" style=\"--awb-border-radius-top-left:0px;--awb-border-radius-top-right:0px;--awb-border-radius-bottom-right:0px;--awb-border-radius-bottom-left:0px;--awb-padding-top:50px;--awb-padding-bottom:50px;--awb-margin-top:30px;--awb-margin-bottom:50px;--awb-background-image:linear-gradient(180deg, hsla(var(--awb-color4-h),var(--awb-color4-s),var(--awb-color4-l),calc(var(--awb-color4-a) - 10%)) 0%,hsla(var(--awb-color4-h),var(--awb-color4-s),var(--awb-color4-l),calc(var(--awb-color4-a) - 20%)) 100%),url(https:\/\/congeladosriveiro.com\/wp-content\/uploads\/fondo_pulpo.jpg);;--awb-background-size:cover;--awb-flex-wrap:wrap;\" ><div class=\"fusion-builder-row fusion-row fusion-flex-align-items-flex-start fusion-flex-content-wrap\" style=\"max-width:1248px;margin-left: calc(-4% \/ 2 );margin-right: calc(-4% \/ 2 );\"><div class=\"fusion-layout-column fusion_builder_column fusion-builder-column-3 fusion_builder_column_1_1 1_1 fusion-flex-column\" style=\"--awb-bg-size:cover;--awb-width-large:100%;--awb-margin-top-large:0px;--awb-spacing-right-large:1.92%;--awb-margin-bottom-large:20px;--awb-spacing-left-large:1.92%;--awb-width-medium:100%;--awb-order-medium:0;--awb-spacing-right-medium:1.92%;--awb-spacing-left-medium:1.92%;--awb-width-small:100%;--awb-order-small:0;--awb-spacing-right-small:1.92%;--awb-spacing-left-small:1.92%;\"><div class=\"fusion-column-wrapper fusion-column-has-shadow fusion-flex-justify-content-flex-start fusion-content-layout-column\"><div class=\"fusion-title title fusion-title-2 fusion-sep-none fusion-title-center fusion-title-text fusion-title-size-two\" style=\"--awb-text-color:var(--awb-color1);--awb-font-size:var(--awb-typography1-font-size);\"><h2 class=\"fusion-title-heading title-heading-center\" style=\"font-family:var(--awb-typography1-font-family);font-weight:var(--awb-typography1-font-weight);font-style:var(--awb-typography1-font-style);margin:0;font-size:1em;letter-spacing:var(--awb-typography1-letter-spacing);text-transform:uppercase;line-height:var(--awb-typography1-line-height);\">\u00bfQu\u00e9 Ofrecemos?<\/h2><\/div><\/div><\/div><div class=\"fusion-layout-column fusion_builder_column fusion-builder-column-4 fusion_builder_column_1_2 1_2 fusion-flex-column\" style=\"--awb-bg-size:cover;--awb-width-large:50%;--awb-margin-top-large:0px;--awb-spacing-right-large:3.84%;--awb-margin-bottom-large:20px;--awb-spacing-left-large:3.84%;--awb-width-medium:50%;--awb-order-medium:0;--awb-spacing-right-medium:3.84%;--awb-spacing-left-medium:3.84%;--awb-width-small:100%;--awb-order-small:0;--awb-spacing-right-small:1.92%;--awb-spacing-left-small:1.92%;\"><div class=\"fusion-column-wrapper fusion-column-has-shadow fusion-flex-justify-content-flex-start fusion-content-layout-column\"><div class=\"fusion-text fusion-text-3\" style=\"--awb-content-alignment:justify;--awb-text-color:var(--awb-color1);\"><p>Elaboraci\u00f3n y distribuci\u00f3n de pulpo congelado de la m\u00e1s alta calidad. Cada pieza es tratada con mimo desde el momento de su recepci\u00f3n: evisceramos, clasificamos y congelamos el pulpo en el mismo d\u00eda, garantizando frescura y sabor aut\u00e9ntico.<\/p>\n<p>Utilizamos tecnolog\u00eda de congelaci\u00f3n avanzada que permite preservar la frescura del producto sin necesidad de a\u00f1adir conservantes ni aditivos. Nuestro sistema garantiza una textura firme y un sabor aut\u00e9ntico, ideal para preparaciones tradicionales como el pulpo a feira, a la brasa o en carpaccios.<\/p>\n<\/div><\/div><\/div><div class=\"fusion-layout-column fusion_builder_column fusion-builder-column-5 fusion_builder_column_1_2 1_2 fusion-flex-column\" style=\"--awb-bg-size:cover;--awb-width-large:50%;--awb-margin-top-large:0px;--awb-spacing-right-large:3.84%;--awb-margin-bottom-large:20px;--awb-spacing-left-large:3.84%;--awb-width-medium:50%;--awb-order-medium:0;--awb-spacing-right-medium:3.84%;--awb-spacing-left-medium:3.84%;--awb-width-small:100%;--awb-order-small:0;--awb-spacing-right-small:1.92%;--awb-spacing-left-small:1.92%;\"><div class=\"fusion-column-wrapper fusion-column-has-shadow fusion-flex-justify-content-flex-start fusion-content-layout-column\"><ul style=\"--awb-margin-top:0px;--awb-margin-bottom:50px;--awb-textcolor:var(--awb-color1);--awb-line-height:27.2px;--awb-icon-width:27.2px;--awb-icon-height:27.2px;--awb-icon-margin:11.2px;--awb-content-margin:38.4px;\" class=\"fusion-checklist fusion-checklist-1 fusion-checklist-default type-icons\"><li class=\"fusion-li-item\" style=\"\"><span class=\"icon-wrapper circle-no\"><i class=\"fusion-li-icon fa-icicles fas\" aria-hidden=\"true\"><\/i><\/span><div class=\"fusion-li-item-content\"><strong>Congelaci\u00f3n r\u00e1pida<\/strong> en t\u00fanel para preservar textura y propiedades.<\/div><\/li><li class=\"fusion-li-item\" style=\"\"><span class=\"icon-wrapper circle-no\"><i class=\"fusion-li-icon fa-leaf fas\" aria-hidden=\"true\"><\/i><\/span><div class=\"fusion-li-item-content\"><strong>Sin aditivos ni conservantes:<\/strong> respetamos el sabor natural del pulpo.<\/div><\/li><li class=\"fusion-li-item\" style=\"\"><span class=\"icon-wrapper circle-no\"><i class=\"fusion-li-icon fa-box fas\" aria-hidden=\"true\"><\/i><\/span><div class=\"fusion-li-item-content\"><strong>Formatos personalizados:<\/strong> adaptamos tama\u00f1os, etiquetado y presentaci\u00f3n seg\u00fan tus necesidades.<\/div><\/li><li class=\"fusion-li-item\" style=\"\"><span class=\"icon-wrapper circle-no\"><i class=\"fusion-li-icon fa-search-location fas\" aria-hidden=\"true\"><\/i><\/span><div class=\"fusion-li-item-content\"><strong>Trazabilidad total:<\/strong> controlamos cada paso para asegurar calidad y confianza.<\/div><\/li><li class=\"fusion-li-item\" style=\"\"><span class=\"icon-wrapper circle-no\"><i class=\"fusion-li-icon awb-icon-check\" aria-hidden=\"true\"><\/i><\/span><div class=\"fusion-li-item-content\">\n<p><strong>Compromiso con la calidad:<\/strong> todos nuestros productos pasan por estrictos controles sanitarios y de trazabilidad.<\/p>\n<\/div><\/li><\/ul><\/div><\/div><div class=\"fusion-layout-column fusion_builder_column fusion-builder-column-6 fusion_builder_column_1_1 1_1 fusion-flex-column\" style=\"--awb-bg-size:cover;--awb-width-large:100%;--awb-margin-top-large:0px;--awb-spacing-right-large:1.92%;--awb-margin-bottom-large:20px;--awb-spacing-left-large:1.92%;--awb-width-medium:100%;--awb-order-medium:0;--awb-spacing-right-medium:1.92%;--awb-spacing-left-medium:1.92%;--awb-width-small:100%;--awb-order-small:0;--awb-spacing-right-small:1.92%;--awb-spacing-left-small:1.92%;\"><div class=\"fusion-column-wrapper fusion-column-has-shadow fusion-flex-justify-content-flex-start fusion-content-layout-column\"><div style=\"text-align:center;\"><a class=\"fusion-button button-flat fusion-button-default-size button-custom fusion-button-default button-1 fusion-button-default-span fusion-button-default-type\" style=\"--button_accent_color:var(--awb-color1);--button_accent_hover_color:var(--awb-color1);--button_border_hover_color:var(--awb-color1);--button_border_width-top:1px;--button_border_width-right:1px;--button_border_width-bottom:1px;--button_border_width-left:1px;--button-border-radius-top-left:10px;--button-border-radius-top-right:10px;--button-border-radius-bottom-right:10px;--button-border-radius-bottom-left:10px;--button_gradient_top_color:transparent;--button_gradient_bottom_color:transparent;--button_gradient_top_color_hover:transparent;--button_gradient_bottom_color_hover:transparent;--button_text_transform:uppercase;--button_font_size:var(--awb-typography3-font-size);--button_line_height:var(--awb-typography3-line-height);--button_typography-letter-spacing:var(--awb-typography3-letter-spacing);--button_typography-font-family:var(--awb-typography3-font-family);--button_typography-font-weight:var(--awb-typography3-font-weight);--button_typography-font-style:var(--awb-typography3-font-style);\" target=\"_self\" data-hover=\"icon_rotate\" href=\"https:\/\/congeladosriveiro.com\/en\/productos\/\"><span class=\"fusion-button-text awb-button__text awb-button__text--default\">Ver Productos<\/span><i class=\"fa-angle-right fas awb-button__icon awb-button__icon--default button-icon-right\" aria-hidden=\"true\"><\/i><\/a><\/div><\/div><\/div><\/div><\/div><div class=\"fusion-fullwidth fullwidth-box fusion-builder-row-4 fusion-flex-container nonhundred-percent-fullwidth non-hundred-percent-height-scrolling\" style=\"--awb-border-radius-top-left:0px;--awb-border-radius-top-right:0px;--awb-border-radius-bottom-right:0px;--awb-border-radius-bottom-left:0px;--awb-margin-top:60px;--awb-flex-wrap:wrap;\" ><div class=\"fusion-builder-row fusion-row fusion-flex-align-items-flex-start fusion-flex-justify-content-center fusion-flex-content-wrap\" style=\"max-width:1248px;margin-left: calc(-4% \/ 2 );margin-right: calc(-4% \/ 2 );\"><div class=\"fusion-layout-column fusion_builder_column fusion-builder-column-7 fusion_builder_column_3_5 3_5 fusion-flex-column\" style=\"--awb-bg-blend:overlay;--awb-bg-size:cover;--awb-width-large:60%;--awb-margin-top-large:0px;--awb-spacing-right-large:3.2%;--awb-margin-bottom-large:0px;--awb-spacing-left-large:3.2%;--awb-width-medium:60%;--awb-spacing-right-medium:3.2%;--awb-spacing-left-medium:3.2%;--awb-width-small:100%;--awb-spacing-right-small:1.92%;--awb-spacing-left-small:1.92%;\"><div class=\"fusion-column-wrapper fusion-flex-justify-content-flex-start fusion-content-layout-column\"><i class=\"fb-icon-element-1 fb-icon-element fontawesome-icon fa-shipping-fast fas circle-no\" style=\"--awb-iconcolor:var(--awb-color4);--awb-iconcolor-hover:var(--awb-color4);--awb-font-size:100px;--awb-align-self:center;--awb-margin-top:0px;--awb-margin-right:0px;--awb-margin-bottom:30px;--awb-margin-left:0px;\"><\/i><div class=\"fusion-text fusion-text-4\" style=\"--awb-content-alignment:justify;\"><p>Nuestra red log\u00edstica cubre la <strong>mayor\u00eda de zonas hosteleras de Galicia<\/strong>, y gracias a un sistema de distribuci\u00f3n \u00e1gil, llegamos tambi\u00e9n a clientes en muchas de las <strong>principales ciudades espa\u00f1olas<\/strong>. Entregamos con rapidez, puntualidad y garant\u00edas, permitiendo que restaurantes, hoteles, caterings y comercios trabajen con total tranquilidad y respaldo.<\/p>\n<p>En Congelados Riveiro S.L., la experiencia no solo se cuenta en a\u00f1os, sino en miles de kilos de producto entregados, en relaciones duraderas y en la satisfacci\u00f3n diaria de quienes conf\u00edan en nuestro trabajo. Porque vender pulpo es f\u00e1cil. Cuidarlo, respetarlo y entregarlo con excelencia, solo lo logran los que llevan toda una vida haci\u00e9ndolo.<\/p>\n<\/div><\/div><\/div><\/div><\/div><\/p>","protected":false},"excerpt":{"rendered":"","protected":false},"author":2,"featured_media":0,"parent":0,"menu_order":0,"comment_status":"closed","ping_status":"closed","template":"100-width.php","meta":{"footnotes":""},"class_list":["post-101","page","type-page","status-publish","hentry"],"yoast_head":"<!-- This site is optimized with the Yoast SEO plugin v25.7 - https:\/\/yoast.com\/wordpress\/plugins\/seo\/ -->\n<title>Congelados Riveiro | La Verdadera Esencia del Pulpo en Cee, A Coru\u00f1a<\/title>\n<meta name=\"description\" content=\"Descubre Congelados Riveiro, expertos en la elaboraci\u00f3n y distribuci\u00f3n de pulpo fresco y de calidad sin aditivos artificiales.\" \/>\n<meta name=\"robots\" content=\"index, follow, max-snippet:-1, max-image-preview:large, max-video-preview:-1\" \/>\n<link rel=\"canonical\" href=\"https:\/\/congeladosriveiro.com\/en\/\" \/>\n<meta property=\"og:locale\" content=\"en_GB\" \/>\n<meta property=\"og:type\" content=\"article\" \/>\n<meta property=\"og:title\" content=\"Congelados Riveiro | La Verdadera Esencia del Pulpo en Cee, A Coru\u00f1a\" \/>\n<meta property=\"og:description\" content=\"Descubre Congelados Riveiro, expertos en la elaboraci\u00f3n y distribuci\u00f3n de pulpo fresco y de calidad sin aditivos artificiales.\" \/>\n<meta property=\"og:url\" content=\"https:\/\/congeladosriveiro.com\/en\/\" \/>\n<meta property=\"og:site_name\" content=\"Congelados Riveiro\" \/>\n<meta property=\"article:modified_time\" content=\"2025-08-18T08:42:15+00:00\" \/>\n<meta property=\"og:image\" content=\"https:\/\/congeladosriveiro.com\/wp-content\/uploads\/congelados-riveiro-seo.jpg\" \/>\n\t<meta property=\"og:image:width\" content=\"1200\" \/>\n\t<meta property=\"og:image:height\" content=\"628\" \/>\n\t<meta property=\"og:image:type\" content=\"image\/jpeg\" \/>\n<meta name=\"twitter:card\" content=\"summary_large_image\" \/>\n<meta name=\"twitter:label1\" content=\"Estimated reading time\" \/>\n\t<meta name=\"twitter:data1\" content=\"2 minutes\" \/>\n<script type=\"application\/ld+json\" class=\"yoast-schema-graph\">{\"@context\":\"https:\/\/schema.org\",\"@graph\":[{\"@type\":\"WebPage\",\"@id\":\"https:\/\/congeladosriveiro.com\/\",\"url\":\"https:\/\/congeladosriveiro.com\/\",\"name\":\"Congelados Riveiro | La Verdadera Esencia del Pulpo en Cee, A Coru\u00f1a\",\"isPartOf\":{\"@id\":\"https:\/\/congeladosriveiro.com\/#website\"},\"datePublished\":\"2025-08-06T14:21:00+00:00\",\"dateModified\":\"2025-08-18T08:42:15+00:00\",\"description\":\"Descubre Congelados Riveiro, expertos en la elaboraci\u00f3n y distribuci\u00f3n de pulpo fresco y de calidad sin aditivos artificiales.\",\"breadcrumb\":{\"@id\":\"https:\/\/congeladosriveiro.com\/#breadcrumb\"},\"inLanguage\":\"en-GB\",\"potentialAction\":[{\"@type\":\"ReadAction\",\"target\":[\"https:\/\/congeladosriveiro.com\/\"]}]},{\"@type\":\"BreadcrumbList\",\"@id\":\"https:\/\/congeladosriveiro.com\/#breadcrumb\",\"itemListElement\":[{\"@type\":\"ListItem\",\"position\":1,\"name\":\"Portada\",\"item\":\"https:\/\/congeladosriveiro.com\/\"},{\"@type\":\"ListItem\",\"position\":2,\"name\":\"Inicio\"}]},{\"@type\":\"WebSite\",\"@id\":\"https:\/\/congeladosriveiro.com\/#website\",\"url\":\"https:\/\/congeladosriveiro.com\/\",\"name\":\"Congelados Riveiro\",\"description\":\"Descubre Congelados Riveiro, expertos en la elaboraci\u00f3n y distribuci\u00f3n de pulpo fresco y de calidad sin aditivos artificiales.\",\"publisher\":{\"@id\":\"https:\/\/congeladosriveiro.com\/#organization\"},\"potentialAction\":[{\"@type\":\"SearchAction\",\"target\":{\"@type\":\"EntryPoint\",\"urlTemplate\":\"https:\/\/congeladosriveiro.com\/?s={search_term_string}\"},\"query-input\":{\"@type\":\"PropertyValueSpecification\",\"valueRequired\":true,\"valueName\":\"search_term_string\"}}],\"inLanguage\":\"en-GB\"},{\"@type\":\"Organization\",\"@id\":\"https:\/\/congeladosriveiro.com\/#organization\",\"name\":\"Congelados Riveiro\",\"url\":\"https:\/\/congeladosriveiro.com\/\",\"logo\":{\"@type\":\"ImageObject\",\"inLanguage\":\"en-GB\",\"@id\":\"https:\/\/congeladosriveiro.com\/#\/schema\/logo\/image\/\",\"url\":\"https:\/\/congeladosriveiro.com\/wp-content\/uploads\/2023\/05\/cropped-logo.jpg\",\"contentUrl\":\"https:\/\/congeladosriveiro.com\/wp-content\/uploads\/2023\/05\/cropped-logo.jpg\",\"width\":175,\"height\":171,\"caption\":\"Congelados Riveiro\"},\"image\":{\"@id\":\"https:\/\/congeladosriveiro.com\/#\/schema\/logo\/image\/\"}}]}<\/script>\n<!-- \/ Yoast SEO plugin. -->","yoast_head_json":{"title":"Congelados Riveiro | La Verdadera Esencia del Pulpo en Cee, A Coru\u00f1a","description":"Descubre Congelados Riveiro, expertos en la elaboraci\u00f3n y distribuci\u00f3n de pulpo fresco y de calidad sin aditivos artificiales.","robots":{"index":"index","follow":"follow","max-snippet":"max-snippet:-1","max-image-preview":"max-image-preview:large","max-video-preview":"max-video-preview:-1"},"canonical":"https:\/\/congeladosriveiro.com\/en\/","og_locale":"en_GB","og_type":"article","og_title":"Congelados Riveiro | La Verdadera Esencia del Pulpo en Cee, A Coru\u00f1a","og_description":"Descubre Congelados Riveiro, expertos en la elaboraci\u00f3n y distribuci\u00f3n de pulpo fresco y de calidad sin aditivos artificiales.","og_url":"https:\/\/congeladosriveiro.com\/en\/","og_site_name":"Congelados Riveiro","article_modified_time":"2025-08-18T08:42:15+00:00","og_image":[{"width":1200,"height":628,"url":"https:\/\/congeladosriveiro.com\/wp-content\/uploads\/congelados-riveiro-seo.jpg","type":"image\/jpeg"}],"twitter_card":"summary_large_image","twitter_misc":{"Estimated reading time":"2 minutes"},"schema":{"@context":"https:\/\/schema.org","@graph":[{"@type":"WebPage","@id":"https:\/\/congeladosriveiro.com\/","url":"https:\/\/congeladosriveiro.com\/","name":"Congelados Riveiro | La Verdadera Esencia del Pulpo en Cee, A Coru\u00f1a","isPartOf":{"@id":"https:\/\/congeladosriveiro.com\/#website"},"datePublished":"2025-08-06T14:21:00+00:00","dateModified":"2025-08-18T08:42:15+00:00","description":"Descubre Congelados Riveiro, expertos en la elaboraci\u00f3n y distribuci\u00f3n de pulpo fresco y de calidad sin aditivos artificiales.","breadcrumb":{"@id":"https:\/\/congeladosriveiro.com\/#breadcrumb"},"inLanguage":"en-GB","potentialAction":[{"@type":"ReadAction","target":["https:\/\/congeladosriveiro.com\/"]}]},{"@type":"BreadcrumbList","@id":"https:\/\/congeladosriveiro.com\/#breadcrumb","itemListElement":[{"@type":"ListItem","position":1,"name":"Portada","item":"https:\/\/congeladosriveiro.com\/"},{"@type":"ListItem","position":2,"name":"Inicio"}]},{"@type":"WebSite","@id":"https:\/\/congeladosriveiro.com\/#website","url":"https:\/\/congeladosriveiro.com\/","name":"Congelados Riveiro","description":"Descubre Congelados Riveiro, expertos en la elaboraci\u00f3n y distribuci\u00f3n de pulpo fresco y de calidad sin aditivos artificiales.","publisher":{"@id":"https:\/\/congeladosriveiro.com\/#organization"},"potentialAction":[{"@type":"SearchAction","target":{"@type":"EntryPoint","urlTemplate":"https:\/\/congeladosriveiro.com\/?s={search_term_string}"},"query-input":{"@type":"PropertyValueSpecification","valueRequired":true,"valueName":"search_term_string"}}],"inLanguage":"en-GB"},{"@type":"Organization","@id":"https:\/\/congeladosriveiro.com\/#organization","name":"Congelados Riveiro","url":"https:\/\/congeladosriveiro.com\/","logo":{"@type":"ImageObject","inLanguage":"en-GB","@id":"https:\/\/congeladosriveiro.com\/#\/schema\/logo\/image\/","url":"https:\/\/congeladosriveiro.com\/wp-content\/uploads\/2023\/05\/cropped-logo.jpg","contentUrl":"https:\/\/congeladosriveiro.com\/wp-content\/uploads\/2023\/05\/cropped-logo.jpg","width":175,"height":171,"caption":"Congelados Riveiro"},"image":{"@id":"https:\/\/congeladosriveiro.com\/#\/schema\/logo\/image\/"}}]}},"_links":{"self":[{"href":"https:\/\/congeladosriveiro.com\/en\/wp-json\/wp\/v2\/pages\/101","targetHints":{"allow":["GET"]}}],"collection":[{"href":"https:\/\/congeladosriveiro.com\/en\/wp-json\/wp\/v2\/pages"}],"about":[{"href":"https:\/\/congeladosriveiro.com\/en\/wp-json\/wp\/v2\/types\/page"}],"author":[{"embeddable":true,"href":"https:\/\/congeladosriveiro.com\/en\/wp-json\/wp\/v2\/users\/2"}],"replies":[{"embeddable":true,"href":"https:\/\/congeladosriveiro.com\/en\/wp-json\/wp\/v2\/comments?post=101"}],"version-history":[{"count":0,"href":"https:\/\/congeladosriveiro.com\/en\/wp-json\/wp\/v2\/pages\/101\/revisions"}],"wp:attachment":[{"href":"https:\/\/congeladosriveiro.com\/en\/wp-json\/wp\/v2\/media?parent=101"}],"curies":[{"name":"wp","href":"https:\/\/api.w.org\/{rel}","templated":true}]}}